{"id":46,"date":"2022-12-06T01:01:12","date_gmt":"2022-12-06T00:01:12","guid":{"rendered":"https:\/\/vitoriayalava.com\/?page_id=46"},"modified":"2022-12-06T03:56:37","modified_gmt":"2022-12-06T02:56:37","slug":"contacto","status":"publish","type":"page","link":"https:\/\/vitoriayalava.com\/index.php\/contacto\/","title":{"rendered":"Contacto"},"content":{"rendered":"\n<p><\/p>\n\n\n\n<p>Si tienes alguna sugerencia, alguna cosa o detalle que a\u00f1adir por peque\u00f1o que sea, correcciones, datos, informacion, etc, no dudes en contactarme y estare encantado de corregir o a\u00f1adir cosas. Es posible que haya algun dato incorrecto y sobre todo cosas incompletas.<br>Si quires colaborar en esta p\u00e1gina, con fotos o imagenes tuyas o cosas de tu colecci\u00f3n, las a\u00f1adire encantado poniendo en pie de foto que son tuyas.<br>Toda ayuda es bienvenida.<br>Muchas gracias!<\/p>\n\n\n\n<p>Email de contacto: iker_ba@hotmail.com<\/p>\n\n\n\n<figure class=\"wp-block-image aligncenter size-full is-resized\"><img loading=\"lazy\" decoding=\"async\" src=\"https:\/\/vitoriayalava.com\/wp-content\/uploads\/2022\/12\/Contacto-Sobre-Antiguo.jpg\" alt=\"\" class=\"wp-image-185\" width=\"383\" height=\"198\" srcset=\"https:\/\/vitoriayalava.com\/wp-content\/uploads\/2022\/12\/Contacto-Sobre-Antiguo.jpg 684w, https:\/\/vitoriayalava.com\/wp-content\/uploads\/2022\/12\/Contacto-Sobre-Antiguo-300x155.jpg 300w\" sizes=\"auto, (max-width: 383px) 100vw, 383px\" \/><\/figure>\n\n\n\n<p> <\/p>\n","protected":false},"excerpt":{"rendered":"<p>Si tienes alguna sugerencia, alguna cosa o detalle que a\u00f1adir por peque\u00f1o que sea, correcciones, datos, informacion, etc, no dudes en contactarme y estare encantado de corregir o a\u00f1adir cosas. Es posible que haya algun dato incorrecto y sobre todo cosas incompletas.Si quires colaborar en esta p\u00e1gina, con fotos o imagenes tuyas o cosas de &hellip;<\/p>\n<p class=\"read-more\"> <a class=\"\" href=\"https:\/\/vitoriayalava.com\/index.php\/contacto\/\"> <span class=\"screen-reader-text\">Contacto<\/span> Leer m\u00e1s &raquo;<\/a><\/p>\n","protected":false},"author":1,"featured_media":0,"parent":0,"menu_order":0,"comment_status":"closed","ping_status":"closed","template":"","meta":{"site-sidebar-layout":"default","site-content-layout":"default","ast-global-header-display":"","ast-main-header-display":"","ast-hfb-above-header-display":"","ast-hfb-below-header-display":"","ast-hfb-mobile-header-display":"","site-post-title":"","ast-breadcrumbs-content":"","ast-featured-img":"","footer-sml-layout":"","theme-transparent-header-meta":"","adv-header-id-meta":"","stick-header-meta":"","header-above-stick-meta":"","header-main-stick-meta":"","header-below-stick-meta":"","footnotes":""},"class_list":["post-46","page","type-page","status-publish","hentry"],"_links":{"self":[{"href":"https:\/\/vitoriayalava.com\/index.php\/wp-json\/wp\/v2\/pages\/46","targetHints":{"allow":["GET"]}}],"collection":[{"href":"https:\/\/vitoriayalava.com\/index.php\/wp-json\/wp\/v2\/pages"}],"about":[{"href":"https:\/\/vitoriayalava.com\/index.php\/wp-json\/wp\/v2\/types\/page"}],"author":[{"embeddable":true,"href":"https:\/\/vitoriayalava.com\/index.php\/wp-json\/wp\/v2\/users\/1"}],"replies":[{"embeddable":true,"href":"https:\/\/vitoriayalava.com\/index.php\/wp-json\/wp\/v2\/comments?post=46"}],"version-history":[{"count":6,"href":"https:\/\/vitoriayalava.com\/index.php\/wp-json\/wp\/v2\/pages\/46\/revisions"}],"predecessor-version":[{"id":187,"href":"https:\/\/vitoriayalava.com\/index.php\/wp-json\/wp\/v2\/pages\/46\/revisions\/187"}],"wp:attachment":[{"href":"https:\/\/vitoriayalava.com\/index.php\/wp-json\/wp\/v2\/media?parent=46"}],"curies":[{"name":"wp","href":"https:\/\/api.w.org\/{rel}","templated":true}]}}